{"id":1307,"date":"2021-09-30T14:47:22","date_gmt":"2021-09-30T14:47:22","guid":{"rendered":"https:\/\/bremen.deutscher-schifffahrtstag.de\/?page_id=1307"},"modified":"2022-10-06T18:49:29","modified_gmt":"2022-10-06T18:49:29","slug":"program2","status":"publish","type":"page","link":"https:\/\/bremen.deutscher-schifffahrtstag.de\/index.php\/program2\/","title":{"rendered":"Programm\u00fcbersicht"},"content":{"rendered":"\t\t<div data-elementor-type=\"wp-page\" data-elementor-id=\"1307\" class=\"elementor elementor-1307\" data-elementor-post-type=\"page\">\n\t\t\t\t\t\t<section class=\"elementor-section elementor-top-section elementor-element elementor-element-6909f9ee elementor-section-boxed elementor-section-height-default elementor-section-height-default\" data-id=\"6909f9ee\" data-element_type=\"section\">\n\t\t\t\t\t\t<div class=\"elementor-container elementor-column-gap-default\">\n\t\t\t\t\t<div class=\"elementor-column elementor-col-100 elementor-top-column elementor-element elementor-element-3636bc9c\" data-id=\"3636bc9c\" data-element_type=\"column\">\n\t\t\t<div class=\"elementor-widget-wrap elementor-element-populated\">\n\t\t\t\t\t\t<div class=\"elementor-element elementor-element-6f99c5ca elementor-widget elementor-widget-text-editor\" data-id=\"6f99c5ca\" data-element_type=\"widget\" data-widget_type=\"text-editor.default\">\n\t\t\t\t<div class=\"elementor-widget-container\">\n\t\t\t<style>\/*! elementor - v3.19.0 - 07-02-2024 *\/\n.elementor-widget-text-editor.elementor-drop-cap-view-stacked .elementor-drop-cap{background-color:#69727d;color:#fff}.elementor-widget-text-editor.elementor-drop-cap-view-framed .elementor-drop-cap{color:#69727d;border:3px solid;background-color:transparent}.elementor-widget-text-editor:not(.elementor-drop-cap-view-default) .elementor-drop-cap{margin-top:8px}.elementor-widget-text-editor:not(.elementor-drop-cap-view-default) .elementor-drop-cap-letter{width:1em;height:1em}.elementor-widget-text-editor .elementor-drop-cap{float:left;text-align:center;line-height:1;font-size:50px}.elementor-widget-text-editor .elementor-drop-cap-letter{display:inline-block}<\/style>\t\t\t\t<p><!-- wp:columns --><\/p>\n<div class=\"wp-block-columns\">\n<p><!-- wp:column {\"width\":\"100%\"} --><\/p>\n<div class=\"wp-block-column\" style=\"flex-basis: 100%;\">\n<p><!-- wp:freeform --><\/p>\n<h2><img fetchpriority=\"high\" decoding=\"async\" class=\"alignright size-medium wp-image-1857\" src=\"https:\/\/bremen.deutscher-schifffahrtstag.de\/wp-content\/uploads\/2021\/10\/Foto-2-300x203.jpg\" alt=\"\" width=\"300\" height=\"203\" srcset=\"https:\/\/bremen.deutscher-schifffahrtstag.de\/wp-content\/uploads\/2021\/10\/Foto-2-300x203.jpg 300w, https:\/\/bremen.deutscher-schifffahrtstag.de\/wp-content\/uploads\/2021\/10\/Foto-2-1024x693.jpg 1024w, https:\/\/bremen.deutscher-schifffahrtstag.de\/wp-content\/uploads\/2021\/10\/Foto-2-768x520.jpg 768w, https:\/\/bremen.deutscher-schifffahrtstag.de\/wp-content\/uploads\/2021\/10\/Foto-2-1536x1040.jpg 1536w, https:\/\/bremen.deutscher-schifffahrtstag.de\/wp-content\/uploads\/2021\/10\/Foto-2-2048x1386.jpg 2048w\" sizes=\"(max-width: 300px) 100vw, 300px\" \/><b><i>&#8222;Schifffahrt aus n\u00e4chster N\u00e4he &#8211; Komm&#8216; an Bord und sei bei einer der vielen kostenfreien Veranstaltungen dabei!&#8220; <\/i>so lautete die Botschaft im Vorfeld des Deutschen Schifffahrtstages<\/b><\/h2>\n<div><b>\u00a0<\/b><\/div>\n<p>Und mit dem folgenden Text wurde auf dieser Website wochen- oder besser monatelang auf das Gesamtereignis mit all seinen Facetten hingewiesen: &#8222;<i>Der Deutsche Schifffahrtstag 2022 bringt die Schifffahrt und die damit verbundenen Themen und Herausforderungen zu den Menschen, zu Ihnen und auch zu dir. Er bildet den Rahmen f\u00fcr eine Vielzahl von Veranstaltungen von der Maritimen Woche Bremens, einer ganzen Reihe fachlicher Veranstaltungen, offizieller Ansprachen und Begegnungen bis hin zu einer beeindruckenden Schiffs- und Bootsparade auf der Weser.\u00a0\u00a0<span style=\"font-size: 1rem;\">Das vielf\u00e4ltige Programm mit den unterschiedlichen Bausteinen und Schwerpunkten wird auf den folgenden Unterseiten im Detail erkl\u00e4rt, so dass hier nur ein erster \u00dcberblick folgt:<\/span><\/i><\/p>\n<p><strong><i>Maritime Woche und vorbereitende Veranstaltungen<\/i><\/strong><\/p>\n<ul>\n<li><i><span style=\"background-color: transparent;\">ab dem 23. September: <\/span><span style=\"background-color: transparent;\"><b>Maritime Woche in Bremen <\/b><\/span><span style=\"background-color: transparent;\">mit vielf\u00e4ltigen Veranstaltungen f\u00fcr Jung und Alt, f\u00fcr Profis und solche, die es werden wollen, f\u00fcr Menschen von der K\u00fcste und jene mit einer Vorliebe f\u00fcr Berge \/ Open Ship, Besichtigungsm\u00f6glichkeiten maritimer Einrichtungen und Unternehmen \/ Vorstellung maritimer Studieng\u00e4nge und beruflicher M\u00f6glichkeiten und Perspektiven \/ Die Abendstunden erstrahlen im Maritimen Blau und vieles mehr. Weitere Infos und die M\u00f6glichkeit dich zu beteiligen findest du <a href=\"https:\/\/bremen.deutscher-schifffahrtstag.de\/index.php\/maritime-woche-bremen-vorprogramm\/\">hier<\/a>.<\/span><\/i><\/li>\n<li><i>27.\/28. September: <b>16. Bremer Schifffahrtskongress<\/b> zum Thema &#8222;Maritime Personalwirtschaft. Entwicklungen, Chancen, Perspektiven&#8220;<b>.\u00a0<\/b>Alle Infos zum Programm und auch die M\u00f6glichkeit, dich anzumelden findest du <b><a href=\"https:\/\/www.deutscher-schifffahrtskongress.de\/\">hier<\/a><\/b>.<\/i><\/li>\n<li><i>28. September: Themenabend des Short Sea Shipping &amp; Inland Waterway Promotion Centers (spc) auf dem Teerhof in Bremen. Weitere Infos zum Programm und die M\u00f6glichkeit der Anmeldung findest du <b><a href=\"https:\/\/www.shortseashipping.de\/termine\/spc-termine\/?tx_spctermine_spcterminelist%5Bveranstaltungen%5D=128&amp;tx_spctermine_spcterminelist%5Baction%5D=show&amp;tx_spctermine_spcterminelist%5Bcontroller%5D=Veranstaltungen\">hier<\/a><\/b>.\u00a0<\/i><\/li>\n<li><i>28. September: <b>Tagung der deutschen Hafenkapit\u00e4ninnen und Kapit\u00e4ne<\/b>. Dies ist eine interne Veranstaltung im Bremer &#8222;Haus der Wissenschaft&#8220;.<\/i><\/li>\n<li><i>28. September: Tagung des<b> St\u00e4ndigen Fachausschusses (StFA) des Deutschen Nautischen Vereins.\u00a0 <\/b>Anmeldungen hierzu bei der Zentrale des Deutschen Nautischen Vereins (zarebska@dnvev.de), Veranstaltungsort: Bremer &#8222;Haus der Wissenschaft&#8220;.\u00a0<\/i><\/li>\n<li><i>29. September: Tagung des <strong>Zentralverbandes der deutschen Seehafenbetriebe (ZDS).\u00a0<\/strong>Dies ist eine interne Veranstaltung in Bremen.<b style=\"background-color: transparent; font-size: 1rem;\">\u00a0<\/b><\/i><\/li>\n<\/ul>\n<p><b><i>\u00a0<\/i><\/b><\/p>\n<p><b><i>29. September 2022<\/i><\/b><\/p>\n<ul>\n<li><i>0900 bis 1500: Fachliche Veranstaltungen unter Leitung des St\u00e4ndigen Fachausschusses des Deutschen Nautischen Vereins sowie der Partner. Konkret zu erwarten sind drei Veranstaltungen. Eine direkt zum Motto des DST <b>&#8222;Schifffahrt &#8211; ein umweltfreundlicher Verkehrstr\u00e4ger&#8220;<\/b>\u00a0die im Atlantic Hotel in Kooperation mit dem BDB gestaltet wird. Eine weitere unter dem Titel<b> &#8222;Freiheit der Meere: Nachhaltige Sicherung der Seewege als Grundlage fairen Welthandels und der Versorgungssicherheit.&#8220;<\/b> Hier erfolgt eine enge Zusammenarbeit mit dem Deutschen Marinebund und dem Verband Deutscher Reeder (VDR). Und auch die H\u00e4fen stehen im Fokus, denn unter Federf\u00fchrung des Forschungsverbundes Maritimes Recht wird gemeinsam mit dem Maritimen Cluster Norddeutschland an der Hochschule Bremen eine Veranstaltung zum Thema <b>&#8222;Nachhaltige H\u00e4fen: gemeinsam, klar, sauber!&#8220;<\/b> gestaltet. Alle diese Veranstaltungen werden so geplant, dass ein problemloser \u00dcbergang zum darauffolgenden Er\u00f6ffnungsfestakt sehr gut m\u00f6glich ist.\u00a0<\/i><\/li>\n<li><i>Parallel hierzu wird die <b>Berufsbildungsstelle Seeschifffahrt (BBS) erstmalig eine Ausbilder-Konferenz <\/b>durchf\u00fchren. Dazu l\u00e4dt die BBS Ausbilderinnen und Ausbilder an Bord, Ausbildungsverantwortliche in den Reedereien und Lehrpersonal aus den Schulstandorten nach Bremen ein. Diese Veranstaltung wird in der Arbeitnehmerkammer stattfinden.\u00a0<\/i><\/li>\n<li><i>1615: <b>Offizieller Er\u00f6ffnungsakt im St. Petri Dom <\/b>zu Bremen &#8211; Programmgestaltung in Zusammenarbeit mit den Seemannsmissionen<\/i><\/li>\n<li><i>ab 1900: <b>Senatsempfang mit Festakt zum Nautischen Essen im Rathaus<\/b> zu Bremen. Festreden durch B\u00fcrgermeister Dr. Andreas Bovenschulte sowie Prof. Dr. Antje Boetius, Direktorin des Alfred-Wegener-Instituts f\u00fcr Polar- und Meeresforschung (AWI).<\/i><\/li>\n<\/ul>\n<p><strong>\u00a0<\/strong><\/p>\n<p><strong><i>30. September 2022<\/i><\/strong><\/p>\n<ul>\n<li><i>beginnend ab 0830: Schiffs- und Bootsparade auf der Weser mit Fahrt von Bremen nach Bremerhaven unter der Schirmherrschaft der Senatorin f\u00fcr Wissenschaft und H\u00e4fen der Freien Hansestadt Bremen, Dr. Claudia Schilling. &#8211;&gt; Wenn Sie mit an Bord dabei sein m\u00f6chten, wenden Sie sich bitte direkt an de Bettreibervereine der Schiffe<\/i><\/li>\n<li><i>beginnend um 1700: Empfang in der Seestadt Bremerhaven u.a. unter Beteiligung des Oberb\u00fcrgermeisters Melf Grantz sowie einer Festrede der Pr\u00e4sidentin des Bundesamtes f\u00fcr Seeschifffahrt und Hydrographie, Frau Dr. Kammann-Klippstein.<\/i><\/li>\n<li><i>Nautischer Dialog.<\/i><\/li>\n<\/ul>\n<p><strong><i>\u00a0<\/i><\/strong><\/p>\n<p><i><strong>Samstag, 1. Oktober 2022<\/strong>\u00a0\u00a0<\/i><\/p>\n<ul>\n<li><i>Tag der Offenen T\u00fcr am Tonnenhof des Wasserstra\u00dfen- und Schifffahrtsamtes Weser-Jade-Nordsee<\/i><\/li>\n<li><i>Open-Ship an mehreren Stellen des Hafens<\/i><\/li>\n<li><i>Vorstellung maritimer Studieng\u00e4nge und beruflicher M\u00f6glichkeiten und Perspektiven<\/i><\/li>\n<li><i>voraussichtlich HAFENTAG organisiert von der Bremischen Hafenmanagementgesellschaft bremenports<\/i><\/li>\n<li><i>Maritimes Wochenende in Bremerhaven.<\/i><\/li>\n<\/ul>\n<p><strong><i>\u00a0<\/i><\/strong><\/p>\n<p><strong><i>Sonntag, 2. Oktober 2022<\/i><\/strong><\/p>\n<ul>\n<li><i>Festgottesdienst in Verbindung mit der Jubil\u00e4umsfeier \u201e125+1&#8243; der Deutschen Seemannsmission in Bremerhaven.\u00a0<\/i><\/li>\n<li><i>Geplant wird zudem ein maritimes Konzert zum Abschluss<\/i><\/li>\n<\/ul>\n<p><i>Zum Schluss empfehlen wir\u00a0 f\u00fcr all jene, die nicht l\u00e4nger auf den Deutschen Schifffahrtstag warten k\u00f6nnen, einen virtuellen Rundgang durch die Sonderausstellungen CHANGE NOW! und INTO THE ICE vom Deutschen Schifffahrtsmuseum. Dort kannst du dich digital durch den Raum bewegen und diese spannenden\u00a0 Ausstellungen erleben. Schau mal hier: <a href=\"https:\/\/www.dsm.museum\/ausstellung\/virtueller-rundgang\">www.dsm.museum\/cn-rundgang.<\/a>&#8222;<\/i><\/p>\n<p><!-- \/wp:freeform --><\/p>\n<\/div>\n<p><!-- \/wp:column --><\/p>\n<\/div>\n<p><!-- \/wp:columns --><\/p>\t\t\t\t\t\t<\/div>\n\t\t\t\t<\/div>\n\t\t\t\t\t<\/div>\n\t\t<\/div>\n\t\t\t\t\t<\/div>\n\t\t<\/section>\n\t\t\t\t<\/div>\n\t\t","protected":false},"excerpt":{"rendered":"<p>&#8222;Schifffahrt aus n\u00e4chster N\u00e4he &#8211; Komm&#8216; an Bord und sei bei einer der vielen kostenfreien Veranstaltungen dabei!&#8220; so lautete die Botschaft im Vorfeld des Deutschen Schifffahrtstages \u00a0 Und mit dem folgenden Text wurde auf dieser Website wochen- oder besser monatelang auf das Gesamtereignis mit all seinen Facetten hingewiesen: &#8222;Der Deutsche Schifffahrtstag 2022 bringt die Schifffahrt [&hellip;]<\/p>\n","protected":false},"author":1,"featured_media":0,"parent":0,"menu_order":0,"comment_status":"closed","ping_status":"closed","template":"elementor_header_footer","meta":{"footnotes":""},"class_list":["post-1307","page","type-page","status-publish","hentry"],"_links":{"self":[{"href":"https:\/\/bremen.deutscher-schifffahrtstag.de\/index.php\/wp-json\/wp\/v2\/pages\/1307","targetHints":{"allow":["GET"]}}],"collection":[{"href":"https:\/\/bremen.deutscher-schifffahrtstag.de\/index.php\/wp-json\/wp\/v2\/pages"}],"about":[{"href":"https:\/\/bremen.deutscher-schifffahrtstag.de\/index.php\/wp-json\/wp\/v2\/types\/page"}],"author":[{"embeddable":true,"href":"https:\/\/bremen.deutscher-schifffahrtstag.de\/index.php\/wp-json\/wp\/v2\/users\/1"}],"replies":[{"embeddable":true,"href":"https:\/\/bremen.deutscher-schifffahrtstag.de\/index.php\/wp-json\/wp\/v2\/comments?post=1307"}],"version-history":[{"count":10,"href":"https:\/\/bremen.deutscher-schifffahrtstag.de\/index.php\/wp-json\/wp\/v2\/pages\/1307\/revisions"}],"predecessor-version":[{"id":6756,"href":"https:\/\/bremen.deutscher-schifffahrtstag.de\/index.php\/wp-json\/wp\/v2\/pages\/1307\/revisions\/6756"}],"wp:attachment":[{"href":"https:\/\/bremen.deutscher-schifffahrtstag.de\/index.php\/wp-json\/wp\/v2\/media?parent=1307"}],"curies":[{"name":"wp","href":"https:\/\/api.w.org\/{rel}","templated":true}]}}